{"id":7436,"date":"2023-11-21T21:08:25","date_gmt":"2023-11-21T19:08:25","guid":{"rendered":"https:\/\/www.varangerbrygge.no\/?page_id=7436"},"modified":"2025-04-07T19:45:36","modified_gmt":"2025-04-07T17:45:36","slug":"om-oss","status":"publish","type":"page","link":"https:\/\/www.varangerbrygge.no\/de\/om-oss\/","title":{"rendered":"\u00dcber uns"},"content":{"rendered":"<div data-elementor-type=\"wp-page\" data-elementor-id=\"7436\" class=\"elementor elementor-7436\" data-elementor-post-type=\"page\">\n\t\t\t\t<div class=\"elementor-element elementor-element-6124e246 e-flex e-con-boxed e-con e-parent\" data-id=\"6124e246\" data-element_type=\"container\">\n\t\t\t\t\t<div class=\"e-con-inner\">\n\t\t<div class=\"elementor-element elementor-element-37fc507c e-flex e-con-boxed e-con e-child\" data-id=\"37fc507c\" data-element_type=\"container\">\n\t\t\t\t\t<div class=\"e-con-inner\">\n\t\t\t\t<div class=\"elementor-element elementor-element-a857580 elementor-hidden-mobile elementor-widget elementor-widget-heading\" data-id=\"a857580\" data-element_type=\"widget\" data-widget_type=\"heading.default\">\n\t\t\t\t<div class=\"elementor-widget-container\">\n\t\t\t\t\t<h1 class=\"elementor-heading-title elementor-size-default\">\u00dcber Varanger Brygge<\/h1>\t\t\t\t<\/div>\n\t\t\t\t<\/div>\n\t\t\t\t<div class=\"elementor-element elementor-element-5253bf7 elementor-hidden-desktop elementor-hidden-tablet elementor-widget elementor-widget-heading\" data-id=\"5253bf7\" data-element_type=\"widget\" data-widget_type=\"heading.default\">\n\t\t\t\t<div class=\"elementor-widget-container\">\n\t\t\t\t\t<h1 class=\"elementor-heading-title elementor-size-default\">\u00dcber Varanger Brygge<\/h1>\t\t\t\t<\/div>\n\t\t\t\t<\/div>\n\t\t<div class=\"elementor-element elementor-element-16dde1b0 e-flex e-con-boxed e-con e-child\" data-id=\"16dde1b0\" data-element_type=\"container\">\n\t\t\t\t\t<div class=\"e-con-inner\">\n\t\t\t\t<div class=\"elementor-element elementor-element-358f8f6b elementor-widget__width-initial elementor-widget elementor-widget-image\" data-id=\"358f8f6b\" data-element_type=\"widget\" data-widget_type=\"image.default\">\n\t\t\t\t<div class=\"elementor-widget-container\">\n\t\t\t\t\t\t\t\t\t\t\t\t\t\t\t\t<a href=\"https:\/\/i0.wp.com\/www.varangerbrygge.no\/wp-content\/uploads\/2021\/03\/Om-oss-beskjaert.jpg?ssl=1\" data-elementor-open-lightbox=\"yes\" data-elementor-lightbox-title=\"Om oss_\" data-e-action-hash=\"#elementor-action%3Aaction%3Dlightbox%26settings%3DeyJpZCI6MTUwNSwidXJsIjoiaHR0cHM6XC9cL3d3dy52YXJhbmdlcmJyeWdnZS5ub1wvd3AtY29udGVudFwvdXBsb2Fkc1wvMjAyMVwvMDNcL09tLW9zcy1iZXNramFlcnQtc2NhbGVkLmpwZyJ9\">\n\t\t\t\t\t\t\t<img fetchpriority=\"high\" decoding=\"async\" width=\"1024\" height=\"520\" src=\"https:\/\/i0.wp.com\/www.varangerbrygge.no\/wp-content\/uploads\/2021\/03\/Om-oss-beskjaert-scaled.jpg?fit=1024%2C520&amp;ssl=1\" class=\"attachment-large size-large wp-image-1505\" alt=\"Om oss_\" \/>\t\t\t\t\t\t\t\t<\/a>\n\t\t\t\t\t\t\t\t\t\t\t\t\t\t\t<\/div>\n\t\t\t\t<\/div>\n\t\t\t\t\t<\/div>\n\t\t\t\t<\/div>\n\t\t\t\t<div class=\"elementor-element elementor-element-4c1f9095 elementor-widget__width-initial elementor-hidden-mobile elementor-widget elementor-widget-heading\" data-id=\"4c1f9095\" data-element_type=\"widget\" data-widget_type=\"heading.default\">\n\t\t\t\t<div class=\"elementor-widget-container\">\n\t\t\t\t\t<h2 class=\"elementor-heading-title elementor-size-default\">Unsere Vision: Einzigartige Erlebnisse und nachhaltige touristische Fischerei auf dem Meer, in Gebirgsseen und Fl\u00fcssen anzubieten, basierend auf dem Dorf Bug\u00f8ynes und seiner einzigartigen Lage und Geschichte.<\/h2>\t\t\t\t<\/div>\n\t\t\t\t<\/div>\n\t\t\t\t<div class=\"elementor-element elementor-element-f756629 elementor-widget__width-initial elementor-hidden-desktop elementor-hidden-tablet elementor-widget elementor-widget-heading\" data-id=\"f756629\" data-element_type=\"widget\" data-widget_type=\"heading.default\">\n\t\t\t\t<div class=\"elementor-widget-container\">\n\t\t\t\t\t<h2 class=\"elementor-heading-title elementor-size-default\">Unsere Vision: Einzigartige Erlebnisse und nachhaltige touristische Fischerei auf dem Meer, in Gebirgsseen und Fl\u00fcssen anzubieten, basierend auf dem Dorf Bug\u00f8ynes und seiner einzigartigen Lage und Geschichte.<\/h2>\t\t\t\t<\/div>\n\t\t\t\t<\/div>\n\t\t\t\t<div class=\"elementor-element elementor-element-2b6995b1 elementor-widget__width-initial elementor-widget elementor-widget-text-editor\" data-id=\"2b6995b1\" data-element_type=\"widget\" data-widget_type=\"text-editor.default\">\n\t\t\t\t<div class=\"elementor-widget-container\">\n\t\t\t\t\t\t\t\t\t<p>Varanger Brygge ist ein Familienunternehmen, das im Jahr 2020 gegr\u00fcndet wurde. Mit der Gr\u00fcndung m\u00f6chten wir touristische Angel- und Speiseerlebnisse rund um den Varangerfjord erm\u00f6glichen. Mit modernen Standorten und Booten bieten wir unseren G\u00e4sten die M\u00f6glichkeit, die Fischgr\u00fcnde im Varangerfjord zu erkunden und ihre F\u00e4nge in hochmodernen Anlagen zu verarbeiten.<br \/>Wir bieten sehr gute und komfortable Unterkunftsm\u00f6glichkeiten mit einem starken Fokus auf Lage und hohem Standard. Dar\u00fcber hinaus organisieren wir Angeltouren in den \u00f6rtlichen Bergseen und Fl\u00fcssen rund um den Varangerfjord.<\/p>\t\t\t\t\t\t\t\t<\/div>\n\t\t\t\t<\/div>\n\t\t\t\t<div class=\"elementor-element elementor-element-17728573 elementor-widget__width-initial elementor-widget elementor-widget-heading\" data-id=\"17728573\" data-element_type=\"widget\" data-widget_type=\"heading.default\">\n\t\t\t\t<div class=\"elementor-widget-container\">\n\t\t\t\t\t<h2 class=\"elementor-heading-title elementor-size-default\">Bug\u00f8ynes<\/h2>\t\t\t\t<\/div>\n\t\t\t\t<\/div>\n\t\t\t\t<div class=\"elementor-element elementor-element-7ad07b9e elementor-widget__width-initial elementor-widget elementor-widget-text-editor\" data-id=\"7ad07b9e\" data-element_type=\"widget\" data-widget_type=\"text-editor.default\">\n\t\t\t\t<div class=\"elementor-widget-container\">\n\t\t\t\t\t\t\t\t\t<p>Bug\u00f8ynes hat eine einzigartige Geschichte, die mit finnischen Einwanderern im 19. Jahrhundert begann. Ein Fischerdorf und eine Gemeinde wurden gegr\u00fcndet, die gut vom Fischfang im Varangerfjord lebten. W\u00e4hrend des Zweiten Weltkriegs blieb Bug\u00f8ynes von Br\u00e4nden verschont, leider im Gegensatz zu vielen anderen Gemeinden in der Finnmark. Das bedeutet, dass wir heute auf Bug\u00f8ynes einzigartige Geb\u00e4ude mit vielen \u00e4lteren Geb\u00e4uden aus den fr\u00fchen 1900er und sp\u00e4ten 1800er Jahren finden. Die Bev\u00f6lkerung betrug zwischen Ende des 19. Jahrhunderts und Mitte der 1970er Jahre zwischen 500 und 600. Damals hatten viele der Familien ihr Einkommen aus dem Varangerfjord oder dem \u00f6rtlichen Fischereiunternehmen des Ortes. Seitdem ist die Einwohnerzahl stetig zur\u00fcckgegangen und z\u00e4hlt heute ca. 200 Personen. Trotzdem ist es Bug\u00f8ynes gelungen, eine gute Grundlage f\u00fcr die Fischerei zu schaffen, wo auch mehr Fischer rekrutiert werden. Die Lieferung von K\u00f6nigskrabben und Wei\u00dffischen an unsere beiden Fischrezeptionen sind wichtige Aufgaben im Dorf. Auch die Zahl der Touristen, die nach Bug\u00f8ynes reisen, um den Ort mit seiner einzigartigen Lage, Einzigartigkeit und Geschichte zu erleben, nimmt stark zu. Bug\u00f8ynes liegt 100 km von Kirkenes und Vads\u00f8 entfernt und ist bequem mit dem Auto oder Bus zu erreichen. Alternativ k\u00f6nnen wir von Varanger Brygge Sie auf dem Seeweg abholen.<\/p>\t\t\t\t\t\t\t\t<\/div>\n\t\t\t\t<\/div>\n\t\t<div class=\"elementor-element elementor-element-531fec25 e-flex e-con-boxed e-con e-child\" data-id=\"531fec25\" data-element_type=\"container\">\n\t\t\t\t\t<div class=\"e-con-inner\">\n\t\t\t\t<div class=\"elementor-element elementor-element-21e652d elementor-widget elementor-widget-gallery\" data-id=\"21e652d\" data-element_type=\"widget\" data-settings=\"{&quot;columns&quot;:2,&quot;gap&quot;:{&quot;unit&quot;:&quot;px&quot;,&quot;size&quot;:24,&quot;sizes&quot;:[]},&quot;gallery_layout&quot;:&quot;grid&quot;,&quot;columns_tablet&quot;:2,&quot;columns_mobile&quot;:1,&quot;gap_tablet&quot;:{&quot;unit&quot;:&quot;px&quot;,&quot;size&quot;:10,&quot;sizes&quot;:[]},&quot;gap_mobile&quot;:{&quot;unit&quot;:&quot;px&quot;,&quot;size&quot;:10,&quot;sizes&quot;:[]},&quot;link_to&quot;:&quot;file&quot;,&quot;aspect_ratio&quot;:&quot;3:2&quot;,&quot;show_all_galleries&quot;:&quot;yes&quot;,&quot;content_hover_animation&quot;:&quot;fade-in&quot;}\" data-widget_type=\"gallery.default\">\n\t\t\t\t<div class=\"elementor-widget-container\">\n\t\t\t\t\t\t\t\t<div class=\"elementor-gallery__titles-container e--pointer-none\" aria-label=\"Gallerian suodatin\" data-no-translation-aria-label=\"\">\n\t\t\t\t\t\t\t\t\t<a class=\"elementor-item elementor-gallery-title\" role=\"button\" tabindex=\"0\" data-gallery-index=\"all\">\n\t\t\t\t\t\t\t\t\t\t\t<\/a>\n\t\t\t\t\n\t\t\t\t\t\t\t\t\t<a class=\"elementor-item elementor-gallery-title\" role=\"button\" tabindex=\"0\" data-gallery-index=\"0\">\n\t\t\t\t\t\t\t\t\t\t\t<\/a>\n\t\t\t\t\t\t\t\t<\/div>\n\t\t\t\t\t<div class=\"elementor-gallery__container\">\n\t\t\t\t\t\t\t<a class=\"e-gallery-item elementor-gallery-item elementor-animated-content\" data-e-gallery-tags=\"0\" href=\"https:\/\/i0.wp.com\/www.varangerbrygge.no\/wp-content\/uploads\/2023\/10\/IMG_3305.jpg?fit=2048%2C1152&#038;ssl=1\" data-elementor-open-lightbox=\"yes\" data-elementor-lightbox-slideshow=\"21e652d\" data-elementor-lightbox-title=\"Bug\u00f8ynes\" data-e-action-hash=\"#elementor-action%3Aaction%3Dlightbox%26settings%3DeyJpZCI6Njk1MywidXJsIjoiaHR0cHM6XC9cL3d3dy52YXJhbmdlcmJyeWdnZS5ub1wvd3AtY29udGVudFwvdXBsb2Fkc1wvMjAyM1wvMTBcL0lNR18zMzA1LmpwZyIsInNsaWRlc2hvdyI6IjIxZTY1MmQifQ%3D%3D\">\n\t\t\t\t\t<div class=\"e-gallery-image elementor-gallery-item__image\" data-thumbnail=\"https:\/\/i0.wp.com\/www.varangerbrygge.no\/wp-content\/uploads\/2023\/10\/IMG_3305.jpg?fit=1024%2C576&amp;ssl=1\" data-width=\"1024\" data-height=\"576\" aria-label=\"Bug\u00f8ynes\" role=\"img\" ><\/div>\n\t\t\t\t\t\t\t\t\t\t\t\t\t\t<\/a>\n\t\t\t\t\t\t\t<a class=\"e-gallery-item elementor-gallery-item elementor-animated-content\" data-e-gallery-tags=\"0\" href=\"https:\/\/i0.wp.com\/www.varangerbrygge.no\/wp-content\/uploads\/2025\/04\/IMG_9058-scaled.webp?fit=1920%2C1440&#038;ssl=1\" data-elementor-open-lightbox=\"yes\" data-elementor-lightbox-slideshow=\"21e652d\" data-elementor-lightbox-title=\"IMG_9058\" data-e-action-hash=\"#elementor-action%3Aaction%3Dlightbox%26settings%3DeyJpZCI6OTAyNSwidXJsIjoiaHR0cHM6XC9cL3d3dy52YXJhbmdlcmJyeWdnZS5ub1wvd3AtY29udGVudFwvdXBsb2Fkc1wvMjAyNVwvMDRcL0lNR185MDU4LXNjYWxlZC53ZWJwIiwic2xpZGVzaG93IjoiMjFlNjUyZCJ9\">\n\t\t\t\t\t<div class=\"e-gallery-image elementor-gallery-item__image\" data-thumbnail=\"https:\/\/i0.wp.com\/www.varangerbrygge.no\/wp-content\/uploads\/2025\/04\/IMG_9058-scaled.webp?fit=1024%2C768&amp;ssl=1\" data-width=\"1024\" data-height=\"768\" aria-label=\"Nordlichter in Varanger Brygge\" role=\"img\" ><\/div>\n\t\t\t\t\t\t\t\t\t\t\t\t\t\t<\/a>\n\t\t\t\t\t\t\t<a class=\"e-gallery-item elementor-gallery-item elementor-animated-content\" data-e-gallery-tags=\"0\" href=\"https:\/\/i0.wp.com\/www.varangerbrygge.no\/wp-content\/uploads\/2022\/05\/Varanger-05-min.jpg?fit=2362%2C1665&#038;ssl=1\" data-elementor-open-lightbox=\"yes\" data-elementor-lightbox-slideshow=\"21e652d\" data-elementor-lightbox-title=\"Bug\u00f8ynes vinter\" data-e-action-hash=\"#elementor-action%3Aaction%3Dlightbox%26settings%3DeyJpZCI6Mzk3MiwidXJsIjoiaHR0cHM6XC9cL3d3dy52YXJhbmdlcmJyeWdnZS5ub1wvd3AtY29udGVudFwvdXBsb2Fkc1wvMjAyMlwvMDVcL1ZhcmFuZ2VyLTA1LW1pbi5qcGciLCJzbGlkZXNob3ciOiIyMWU2NTJkIn0%3D\">\n\t\t\t\t\t<div class=\"e-gallery-image elementor-gallery-item__image\" data-thumbnail=\"https:\/\/i0.wp.com\/www.varangerbrygge.no\/wp-content\/uploads\/2022\/05\/Varanger-05-min.jpg?fit=1024%2C722&amp;ssl=1\" data-width=\"1024\" data-height=\"722\" aria-label=\"Bug\u00f8ynes Winter\" role=\"img\" ><\/div>\n\t\t\t\t\t\t\t\t\t\t\t\t\t\t<\/a>\n\t\t\t\t\t\t\t<a class=\"e-gallery-item elementor-gallery-item elementor-animated-content\" data-e-gallery-tags=\"0\" href=\"https:\/\/i0.wp.com\/www.varangerbrygge.no\/wp-content\/uploads\/2021\/08\/Bugoynes-3.jpg?fit=5472%2C3078&#038;ssl=1\" data-elementor-open-lightbox=\"yes\" data-elementor-lightbox-slideshow=\"21e652d\" data-elementor-lightbox-title=\"varanger brygge\" data-e-action-hash=\"#elementor-action%3Aaction%3Dlightbox%26settings%3DeyJpZCI6MjUwOCwidXJsIjoiaHR0cHM6XC9cL3d3dy52YXJhbmdlcmJyeWdnZS5ub1wvd3AtY29udGVudFwvdXBsb2Fkc1wvMjAyMVwvMDhcL0J1Z295bmVzLTMuanBnIiwic2xpZGVzaG93IjoiMjFlNjUyZCJ9\">\n\t\t\t\t\t<div class=\"e-gallery-image elementor-gallery-item__image\" data-thumbnail=\"https:\/\/i0.wp.com\/www.varangerbrygge.no\/wp-content\/uploads\/2021\/08\/Bugoynes-3.jpg?fit=1024%2C576&amp;ssl=1\" data-width=\"1024\" data-height=\"576\" aria-label=\"Varanger-Brauerei\" role=\"img\" ><\/div>\n\t\t\t\t\t\t\t\t\t\t\t\t\t\t<\/a>\n\t\t\t\t\t<\/div>\n\t\t\t\t\t<\/div>\n\t\t\t\t<\/div>\n\t\t\t\t\t<\/div>\n\t\t\t\t<\/div>\n\t\t\t\t<div class=\"elementor-element elementor-element-5306a14a elementor-widget__width-initial elementor-widget elementor-widget-text-editor\" data-id=\"5306a14a\" data-element_type=\"widget\" data-widget_type=\"text-editor.default\">\n\t\t\t\t<div class=\"elementor-widget-container\">\n\t\t\t\t\t\t\t\t\t<p>Auf Bug\u00f8ynes gibt es einen Laden, der sechs Tage die Woche ge\u00f6ffnet ist und in dem Sie alle notwendigen Lebensmittel kaufen k\u00f6nnen. Bug\u00f8ynes hat ein eigenes Bistro und Pub, das t\u00e4glich ge\u00f6ffnet ist. Hier k\u00f6nnen Sie sowohl gutes Essen als auch lokale Getr\u00e4nke genie\u00dfen. Dar\u00fcber hinaus m\u00f6chte Varanger Brygge zum weiteren Wachstum der Gesch\u00e4ftswelt in Bug\u00f8ynes beitragen, was wiederum zum Fortbestand von Bug\u00f8ynes als lebendige lokale Gemeinschaft in der Gemeinde S\u00f8r-Varanger beitr\u00e4gt.<\/p><p>Langfristig ist es ein \u00fcbergeordnetes Ziel, dass Varanger Brygge die nat\u00fcrliche Wahl f\u00fcr Touristenfischer ist, die in engen Kontakt mit den guten Angelm\u00f6glichkeiten kommen m\u00f6chten, die wir in der Gegend haben. Wir werden begeistern durch einzigartige Erlebnisse, bei denen die Stadt mit ihrer Geschichte und Lage den Rahmen und das Fundament f\u00fcr das Gesch\u00e4ft bildet. Und dass andere Orte rund um den Varangerfjord genutzt werden k\u00f6nnen, um die M\u00f6glichkeit f\u00fcr andere Arten des Angelns zu haben.<\/p>\t\t\t\t\t\t\t\t<\/div>\n\t\t\t\t<\/div>\n\t\t\t\t<div class=\"elementor-element elementor-element-3022eb14 elementor-widget__width-initial elementor-widget elementor-widget-heading\" data-id=\"3022eb14\" data-element_type=\"widget\" data-widget_type=\"heading.default\">\n\t\t\t\t<div class=\"elementor-widget-container\">\n\t\t\t\t\t<h2 class=\"elementor-heading-title elementor-size-default\">Nachhaltigkeit<\/h2>\t\t\t\t<\/div>\n\t\t\t\t<\/div>\n\t\t\t\t<div class=\"elementor-element elementor-element-462c32bd elementor-widget__width-initial elementor-widget elementor-widget-text-editor\" data-id=\"462c32bd\" data-element_type=\"widget\" data-widget_type=\"text-editor.default\">\n\t\t\t\t<div class=\"elementor-widget-container\">\n\t\t\t\t\t\t\t\t\t<p>Varanger Brygge ist bestrebt, seine Produkte und Dienstleistungen in \u00dcbereinstimmung mit 3 der Nachhaltigkeitsziele der UN zu liefern. Dies soll Teil der Auswirkungen auf unsere gemeinsame Umwelt sein, die an unsere Nachkommen weitergegeben werden k\u00f6nnen.<\/p>\t\t\t\t\t\t\t\t<\/div>\n\t\t\t\t<\/div>\n\t\t\t\t<div class=\"elementor-element elementor-element-4de3947b elementor-widget__width-initial elementor-widget elementor-widget-text-editor\" data-id=\"4de3947b\" data-element_type=\"widget\" data-widget_type=\"text-editor.default\">\n\t\t\t\t<div class=\"elementor-widget-container\">\n\t\t\t\t\t\t\t\t\t<p><strong>9 \u2013 <\/strong>Bis 2030 die Infrastruktur modernisieren und den Unternehmenssektor umstrukturieren, um nachhaltiger zu werden, mit einer effizienteren Nutzung von Ressourcen und einem st\u00e4rkeren Einsatz sauberer und umweltfreundlicher Formen von Technologie und Industrieprozessen, wobei sich alle L\u00e4nder entsprechend ihrer eigenen F\u00e4higkeiten und Kapazit\u00e4ten anstrengen<\/p><p><strong>12 \u2013 <\/strong>Entwicklung und Umsetzung von Methoden zur \u00dcberwachung der Auswirkungen einer nachhaltigen Entwicklung auf eine Tourismusbranche, die nachhaltig ist, Arbeitspl\u00e4tze schafft und die lokale Kultur und lokale Produkte f\u00f6rdert<\/p><p><strong>14 \u2013 <\/strong>Bis 2025 alle Formen der Meeresverschmutzung, insbesondere durch T\u00e4tigkeiten an Land, einschlie\u00dflich der Verschmutzung durch Abf\u00e4lle und N\u00e4hrstoffe im Meer, verhindern und erheblich verringern<\/p>\t\t\t\t\t\t\t\t<\/div>\n\t\t\t\t<\/div>\n\t\t<div class=\"elementor-element elementor-element-41c7a203 e-flex e-con-boxed e-con e-child\" data-id=\"41c7a203\" data-element_type=\"container\">\n\t\t\t\t\t<div class=\"e-con-inner\">\n\t\t\t\t<div class=\"elementor-element elementor-element-a0c67be elementor-widget__width-initial elementor-widget elementor-widget-gallery\" data-id=\"a0c67be\" data-element_type=\"widget\" data-settings=\"{&quot;gallery_layout&quot;:&quot;justified&quot;,&quot;ideal_row_height&quot;:{&quot;unit&quot;:&quot;px&quot;,&quot;size&quot;:208,&quot;sizes&quot;:[]},&quot;gap&quot;:{&quot;unit&quot;:&quot;px&quot;,&quot;size&quot;:15,&quot;sizes&quot;:[]},&quot;ideal_row_height_tablet&quot;:{&quot;unit&quot;:&quot;px&quot;,&quot;size&quot;:150,&quot;sizes&quot;:[]},&quot;ideal_row_height_mobile&quot;:{&quot;unit&quot;:&quot;px&quot;,&quot;size&quot;:150,&quot;sizes&quot;:[]},&quot;gap_tablet&quot;:{&quot;unit&quot;:&quot;px&quot;,&quot;size&quot;:10,&quot;sizes&quot;:[]},&quot;gap_mobile&quot;:{&quot;unit&quot;:&quot;px&quot;,&quot;size&quot;:10,&quot;sizes&quot;:[]},&quot;link_to&quot;:&quot;file&quot;,&quot;show_all_galleries&quot;:&quot;yes&quot;}\" data-widget_type=\"gallery.default\">\n\t\t\t\t<div class=\"elementor-widget-container\">\n\t\t\t\t\t\t\t\t<div class=\"elementor-gallery__titles-container e--pointer-none\" aria-label=\"Gallerian suodatin\" data-no-translation-aria-label=\"\">\n\t\t\t\t\t\t\t\t\t<a class=\"elementor-item elementor-gallery-title\" role=\"button\" tabindex=\"0\" data-gallery-index=\"all\">\n\t\t\t\t\t\t\t\t\t\t\t<\/a>\n\t\t\t\t\n\t\t\t\t\t\t\t\t\t<a class=\"elementor-item elementor-gallery-title\" role=\"button\" tabindex=\"0\" data-gallery-index=\"0\">\n\t\t\t\t\t\t\t\t\t\t\t<\/a>\n\t\t\t\t\t\t\t\t<\/div>\n\t\t\t\t\t<div class=\"elementor-gallery__container\">\n\t\t\t\t\t\t\t<a class=\"e-gallery-item elementor-gallery-item\" data-e-gallery-tags=\"0\" href=\"https:\/\/i0.wp.com\/www.varangerbrygge.no\/wp-content\/uploads\/2021\/04\/baerekraft_9.jpg?fit=175%2C175&#038;ssl=1\" data-elementor-open-lightbox=\"yes\" data-elementor-lightbox-slideshow=\"a0c67be\" data-elementor-lightbox-title=\"b\u00e6rekraft_9\" data-e-action-hash=\"#elementor-action%3Aaction%3Dlightbox%26settings%3DeyJpZCI6NzAzLCJ1cmwiOiJodHRwczpcL1wvd3d3LnZhcmFuZ2VyYnJ5Z2dlLm5vXC93cC1jb250ZW50XC91cGxvYWRzXC8yMDIxXC8wNFwvYmFlcmVrcmFmdF85LmpwZyIsInNsaWRlc2hvdyI6ImEwYzY3YmUifQ%3D%3D\">\n\t\t\t\t\t<div class=\"e-gallery-image elementor-gallery-item__image\" data-thumbnail=\"https:\/\/i0.wp.com\/www.varangerbrygge.no\/wp-content\/uploads\/2021\/04\/baerekraft_9.jpg?fit=175%2C175&amp;ssl=1\" data-width=\"175\" data-height=\"175\" aria-label=\"Nachhaltigkeitsbranche, Innovation und Infrastruktur\" role=\"img\" ><\/div>\n\t\t\t\t\t\t\t\t\t\t\t\t\t\t<\/a>\n\t\t\t\t\t\t\t<a class=\"e-gallery-item elementor-gallery-item\" data-e-gallery-tags=\"0\" href=\"https:\/\/i0.wp.com\/www.varangerbrygge.no\/wp-content\/uploads\/2021\/04\/baerekraft_12.jpg?fit=175%2C175&#038;ssl=1\" data-elementor-open-lightbox=\"yes\" data-elementor-lightbox-slideshow=\"a0c67be\" data-elementor-lightbox-title=\"b\u00e6rekraft_12\" data-e-action-hash=\"#elementor-action%3Aaction%3Dlightbox%26settings%3DeyJpZCI6NzA0LCJ1cmwiOiJodHRwczpcL1wvd3d3LnZhcmFuZ2VyYnJ5Z2dlLm5vXC93cC1jb250ZW50XC91cGxvYWRzXC8yMDIxXC8wNFwvYmFlcmVrcmFmdF8xMi5qcGciLCJzbGlkZXNob3ciOiJhMGM2N2JlIn0%3D\">\n\t\t\t\t\t<div class=\"e-gallery-image elementor-gallery-item__image\" data-thumbnail=\"https:\/\/i0.wp.com\/www.varangerbrygge.no\/wp-content\/uploads\/2021\/04\/baerekraft_12.jpg?fit=175%2C175&amp;ssl=1\" data-width=\"175\" data-height=\"175\" aria-label=\"Nachhaltigkeit \u2013 Verantwortungsvoller Konsum und Produktion\" role=\"img\" ><\/div>\n\t\t\t\t\t\t\t\t\t\t\t\t\t\t<\/a>\n\t\t\t\t\t\t\t<a class=\"e-gallery-item elementor-gallery-item\" data-e-gallery-tags=\"0\" href=\"https:\/\/i0.wp.com\/www.varangerbrygge.no\/wp-content\/uploads\/2021\/04\/baerekraft_14.jpg?fit=175%2C175&#038;ssl=1\" data-elementor-open-lightbox=\"yes\" data-elementor-lightbox-slideshow=\"a0c67be\" data-elementor-lightbox-title=\"b\u00e6rekraft_14\" data-e-action-hash=\"#elementor-action%3Aaction%3Dlightbox%26settings%3DeyJpZCI6NzA1LCJ1cmwiOiJodHRwczpcL1wvd3d3LnZhcmFuZ2VyYnJ5Z2dlLm5vXC93cC1jb250ZW50XC91cGxvYWRzXC8yMDIxXC8wNFwvYmFlcmVrcmFmdF8xNC5qcGciLCJzbGlkZXNob3ciOiJhMGM2N2JlIn0%3D\">\n\t\t\t\t\t<div class=\"e-gallery-image elementor-gallery-item__image\" data-thumbnail=\"https:\/\/i0.wp.com\/www.varangerbrygge.no\/wp-content\/uploads\/2021\/04\/baerekraft_14.jpg?fit=175%2C175&amp;ssl=1\" data-width=\"175\" data-height=\"175\" aria-label=\"Nachhaltigkeit \u2013 Leben im Meer\" role=\"img\" ><\/div>\n\t\t\t\t\t\t\t\t\t\t\t\t\t\t<\/a>\n\t\t\t\t\t<\/div>\n\t\t\t\t\t<\/div>\n\t\t\t\t<\/div>\n\t\t\t\t\t<\/div>\n\t\t\t\t<\/div>\n\t\t\t\t\t<\/div>\n\t\t\t\t<\/div>\n\t\t\t\t\t<\/div>\n\t\t\t\t<\/div>\n\t\t\t\t<\/div>","protected":false},"excerpt":{"rendered":"<p>Om Varanger Brygge Om Varanger Brygge V\u00e5r visjon; \u00c5 kunne tilby unike opplevelser og et b\u00e6rekraftig turistfiske b\u00e5de p\u00e5 hav, i fjellvann og i elver med utgangspunkt i tettstedet Bug\u00f8ynes og dets unike beliggenhet og historie. V\u00e5r visjon; \u00c5 kunne tilby unike opplevelser og et b\u00e6rekraftig turistfiske b\u00e5de p\u00e5 hav, i fjellvann og i elver [&hellip;]<\/p>","protected":false},"author":3,"featured_media":0,"parent":0,"menu_order":0,"comment_status":"closed","ping_status":"closed","template":"","meta":{"site-sidebar-layout":"no-sidebar","site-content-layout":"page-builder","ast-site-content-layout":"default","site-content-style":"default","site-sidebar-style":"default","ast-global-header-display":"","ast-banner-title-visibility":"","ast-main-header-display":"","ast-hfb-above-header-display":"","ast-hfb-below-header-display":"","ast-hfb-mobile-header-display":"","site-post-title":"disabled","ast-breadcrumbs-content":"","ast-featured-img":"disabled","footer-sml-layout":"","ast-disable-related-posts":"","theme-transparent-header-meta":"","adv-header-id-meta":"","stick-header-meta":"","header-above-stick-meta":"","header-main-stick-meta":"","header-below-stick-meta":"","astra-migrate-meta-layouts":"default","ast-page-background-enabled":"default","ast-page-background-meta":{"desktop":{"background-color":"","background-image":"","background-repeat":"repeat","background-position":"center center","background-size":"auto","background-attachment":"scroll","background-type":"","background-media":"","overlay-type":"","overlay-color":"","overlay-opacity":"","overlay-gradient":""},"tablet":{"background-color":"","background-image":"","background-repeat":"repeat","background-position":"center center","background-size":"auto","background-attachment":"scroll","background-type":"","background-media":"","overlay-type":"","overlay-color":"","overlay-opacity":"","overlay-gradient":""},"mobile":{"background-color":"","background-image":"","background-repeat":"repeat","background-position":"center center","background-size":"auto","background-attachment":"scroll","background-type":"","background-media":"","overlay-type":"","overlay-color":"","overlay-opacity":"","overlay-gradient":""}},"ast-content-background-meta":{"desktop":{"background-color":"var(--ast-global-color-5)","background-image":"","background-repeat":"repeat","background-position":"center center","background-size":"auto","background-attachment":"scroll","background-type":"","background-media":"","overlay-type":"","overlay-color":"","overlay-opacity":"","overlay-gradient":""},"tablet":{"background-color":"var(--ast-global-color-5)","background-image":"","background-repeat":"repeat","background-position":"center center","background-size":"auto","background-attachment":"scroll","background-type":"","background-media":"","overlay-type":"","overlay-color":"","overlay-opacity":"","overlay-gradient":""},"mobile":{"background-color":"var(--ast-global-color-5)","background-image":"","background-repeat":"repeat","background-position":"center center","background-size":"auto","background-attachment":"scroll","background-type":"","background-media":"","overlay-type":"","overlay-color":"","overlay-opacity":"","overlay-gradient":""}},"advanced_seo_description":"","jetpack_seo_html_title":"","jetpack_seo_noindex":false,"footnotes":""},"class_list":["post-7436","page","type-page","status-publish","hentry"],"jetpack_sharing_enabled":true,"_links":{"self":[{"href":"https:\/\/www.varangerbrygge.no\/de\/wp-json\/wp\/v2\/pages\/7436","targetHints":{"allow":["GET"]}}],"collection":[{"href":"https:\/\/www.varangerbrygge.no\/de\/wp-json\/wp\/v2\/pages"}],"about":[{"href":"https:\/\/www.varangerbrygge.no\/de\/wp-json\/wp\/v2\/types\/page"}],"author":[{"embeddable":true,"href":"https:\/\/www.varangerbrygge.no\/de\/wp-json\/wp\/v2\/users\/3"}],"replies":[{"embeddable":true,"href":"https:\/\/www.varangerbrygge.no\/de\/wp-json\/wp\/v2\/comments?post=7436"}],"version-history":[{"count":28,"href":"https:\/\/www.varangerbrygge.no\/de\/wp-json\/wp\/v2\/pages\/7436\/revisions"}],"predecessor-version":[{"id":9028,"href":"https:\/\/www.varangerbrygge.no\/de\/wp-json\/wp\/v2\/pages\/7436\/revisions\/9028"}],"wp:attachment":[{"href":"https:\/\/www.varangerbrygge.no\/de\/wp-json\/wp\/v2\/media?parent=7436"}],"curies":[{"name":"wp","href":"https:\/\/api.w.org\/{rel}","templated":true}]}}