{"id":9767,"date":"2026-05-11T18:32:38","date_gmt":"2026-05-11T16:32:38","guid":{"rendered":"https:\/\/www.varangerbrygge.no\/?page_id=9767"},"modified":"2026-05-11T19:15:22","modified_gmt":"2026-05-11T17:15:22","slug":"kurs-og-konferanse","status":"publish","type":"page","link":"https:\/\/www.varangerbrygge.no\/fi\/kurs-og-konferanse\/","title":{"rendered":"Kurssit ja konferenssit"},"content":{"rendered":"\t\t<div data-elementor-type=\"wp-page\" data-elementor-id=\"9767\" class=\"elementor elementor-9767\" data-elementor-post-type=\"page\">\n\t\t\t\t<div class=\"elementor-element elementor-element-6605ae0 e-flex e-con-boxed e-con e-parent\" data-id=\"6605ae0\" data-element_type=\"container\" data-e-type=\"container\">\n\t\t\t\t\t<div class=\"e-con-inner\">\n\t\t<div class=\"elementor-element elementor-element-32a9f0b e-con-full e-flex e-con e-child\" data-id=\"32a9f0b\" data-element_type=\"container\" data-e-type=\"container\">\n\t\t\t\t<div class=\"elementor-element elementor-element-d43c34f elementor-hidden-mobile elementor-widget elementor-widget-heading\" data-id=\"d43c34f\" data-element_type=\"widget\" data-e-type=\"widget\" data-widget_type=\"heading.default\">\n\t\t\t\t<div class=\"elementor-widget-container\">\n\t\t\t\t\t<h1 class=\"elementor-heading-title elementor-size-default\">Kurs, konferanse- og m\u00f8terom<\/h1>\t\t\t\t<\/div>\n\t\t\t\t<\/div>\n\t\t<div class=\"elementor-element elementor-element-6c03cb6 e-con-full e-flex e-con e-child\" data-id=\"6c03cb6\" data-element_type=\"container\" data-e-type=\"container\">\n\t\t\t\t<div class=\"elementor-element elementor-element-c3d1489 elementor-widget__width-initial elementor-widget-mobile__width-inherit elementor-widget elementor-widget-image\" data-id=\"c3d1489\" data-element_type=\"widget\" data-e-type=\"widget\" data-widget_type=\"image.default\">\n\t\t\t\t<div class=\"elementor-widget-container\">\n\t\t\t\t\t\t\t\t\t\t\t\t\t\t\t<img fetchpriority=\"high\" decoding=\"async\" width=\"480\" height=\"640\" src=\"https:\/\/i0.wp.com\/www.varangerbrygge.no\/wp-content\/uploads\/2024\/07\/IMG_6199.jpg?fit=480%2C640&amp;ssl=1\" class=\"attachment-large size-large wp-image-8434\" alt=\"\" srcset=\"https:\/\/i0.wp.com\/www.varangerbrygge.no\/wp-content\/uploads\/2024\/07\/IMG_6199.jpg?w=480&amp;ssl=1 480w, https:\/\/i0.wp.com\/www.varangerbrygge.no\/wp-content\/uploads\/2024\/07\/IMG_6199.jpg?resize=225%2C300&amp;ssl=1 225w, https:\/\/i0.wp.com\/www.varangerbrygge.no\/wp-content\/uploads\/2024\/07\/IMG_6199.jpg?resize=9%2C12&amp;ssl=1 9w\" sizes=\"(max-width: 480px) 100vw, 480px\" \/>\t\t\t\t\t\t\t\t\t\t\t\t\t\t\t<\/div>\n\t\t\t\t<\/div>\n\t\t\t\t<div class=\"elementor-element elementor-element-8f5ea89 elementor-widget__width-initial elementor-widget-mobile__width-inherit elementor-widget elementor-widget-image\" data-id=\"8f5ea89\" data-element_type=\"widget\" data-e-type=\"widget\" data-widget_type=\"image.default\">\n\t\t\t\t<div class=\"elementor-widget-container\">\n\t\t\t\t\t\t\t\t\t\t\t\t\t\t\t<img decoding=\"async\" width=\"1024\" height=\"764\" src=\"https:\/\/i0.wp.com\/www.varangerbrygge.no\/wp-content\/uploads\/2024\/05\/PHOTO-2024-05-20-13-26-59-3-e1716223667952.jpg?fit=1024%2C764&amp;ssl=1\" class=\"attachment-large size-large wp-image-8333\" alt=\"matkurs\" srcset=\"https:\/\/i0.wp.com\/www.varangerbrygge.no\/wp-content\/uploads\/2024\/05\/PHOTO-2024-05-20-13-26-59-3-e1716223667952.jpg?w=1188&amp;ssl=1 1188w, https:\/\/i0.wp.com\/www.varangerbrygge.no\/wp-content\/uploads\/2024\/05\/PHOTO-2024-05-20-13-26-59-3-e1716223667952.jpg?resize=300%2C224&amp;ssl=1 300w, https:\/\/i0.wp.com\/www.varangerbrygge.no\/wp-content\/uploads\/2024\/05\/PHOTO-2024-05-20-13-26-59-3-e1716223667952.jpg?resize=1024%2C764&amp;ssl=1 1024w, https:\/\/i0.wp.com\/www.varangerbrygge.no\/wp-content\/uploads\/2024\/05\/PHOTO-2024-05-20-13-26-59-3-e1716223667952.jpg?resize=768%2C573&amp;ssl=1 768w, https:\/\/i0.wp.com\/www.varangerbrygge.no\/wp-content\/uploads\/2024\/05\/PHOTO-2024-05-20-13-26-59-3-e1716223667952.jpg?resize=16%2C12&amp;ssl=1 16w, https:\/\/i0.wp.com\/www.varangerbrygge.no\/wp-content\/uploads\/2024\/05\/PHOTO-2024-05-20-13-26-59-3-e1716223667952.jpg?resize=600%2C447&amp;ssl=1 600w\" sizes=\"(max-width: 1024px) 100vw, 1024px\" \/>\t\t\t\t\t\t\t\t\t\t\t\t\t\t\t<\/div>\n\t\t\t\t<\/div>\n\t\t\t\t<div class=\"elementor-element elementor-element-d0be45f elementor-widget elementor-widget-image\" data-id=\"d0be45f\" data-element_type=\"widget\" data-e-type=\"widget\" data-widget_type=\"image.default\">\n\t\t\t\t<div class=\"elementor-widget-container\">\n\t\t\t\t\t\t\t\t\t\t\t\t\t\t\t<img decoding=\"async\" width=\"1024\" height=\"768\" src=\"https:\/\/i0.wp.com\/www.varangerbrygge.no\/wp-content\/uploads\/2025\/04\/IMG_9057-scaled.webp?fit=1024%2C768&amp;ssl=1\" class=\"attachment-large size-large wp-image-9030\" alt=\"Nordlys ved Varanger Brygge\" srcset=\"https:\/\/i0.wp.com\/www.varangerbrygge.no\/wp-content\/uploads\/2025\/04\/IMG_9057-scaled.webp?w=1920&amp;ssl=1 1920w, https:\/\/i0.wp.com\/www.varangerbrygge.no\/wp-content\/uploads\/2025\/04\/IMG_9057-scaled.webp?resize=300%2C225&amp;ssl=1 300w, https:\/\/i0.wp.com\/www.varangerbrygge.no\/wp-content\/uploads\/2025\/04\/IMG_9057-scaled.webp?resize=1024%2C768&amp;ssl=1 1024w, https:\/\/i0.wp.com\/www.varangerbrygge.no\/wp-content\/uploads\/2025\/04\/IMG_9057-scaled.webp?resize=768%2C576&amp;ssl=1 768w, https:\/\/i0.wp.com\/www.varangerbrygge.no\/wp-content\/uploads\/2025\/04\/IMG_9057-scaled.webp?resize=1536%2C1152&amp;ssl=1 1536w, https:\/\/i0.wp.com\/www.varangerbrygge.no\/wp-content\/uploads\/2025\/04\/IMG_9057-scaled.webp?resize=16%2C12&amp;ssl=1 16w, https:\/\/i0.wp.com\/www.varangerbrygge.no\/wp-content\/uploads\/2025\/04\/IMG_9057-scaled.webp?resize=600%2C450&amp;ssl=1 600w\" sizes=\"(max-width: 1024px) 100vw, 1024px\" \/>\t\t\t\t\t\t\t\t\t\t\t\t\t\t\t<\/div>\n\t\t\t\t<\/div>\n\t\t\t\t<\/div>\n\t\t<div class=\"elementor-element elementor-element-efa6fe5 e-flex e-con-boxed e-con e-child\" data-id=\"efa6fe5\" data-element_type=\"container\" data-e-type=\"container\">\n\t\t\t\t\t<div class=\"e-con-inner\">\n\t\t\t\t<div class=\"elementor-element elementor-element-ba9550c elementor-widget__width-initial elementor-widget elementor-widget-text-editor\" data-id=\"ba9550c\" data-element_type=\"widget\" data-e-type=\"widget\" data-widget_type=\"text-editor.default\">\n\t\t\t\t<div class=\"elementor-widget-container\">\n\t\t\t\t\t\t\t\t\t<p>\u00d8nsker du et kurs-, konferanse- eller m\u00f8terom i inspirerende omgivelser, med alle fasiliteter? <br \/>Vi kan tilby m\u00f8terom med plass til 30 personer,\u00a0 med overnatting om \u00f8nsket. Kokkene v\u00e5re lager lunsj, middag og frokost, laget av de beste r\u00e5varene Varanger kan by p\u00e5.<\/p><p>Saunafl\u00e5te, b\u00e5ttur, krabbesafari og guidet fisketur er ogs\u00e5 noe av det vi kan tilby v\u00e5re gjester. Varanger brygge skreddersyr deres opphold hos oss, og alle \u00f8nsker mottas med takk.<\/p><p>Bug\u00f8ynes er ei lita bygd som de fleste ikke vil dra fra. Vakker natur i historiske omgivelser, fred og ro.<\/p><p>Rom for nye tanker og samhold!<\/p><p>Bestill m\u00f8terom hos oss, og f\u00e5 en opplevelse utenom det vanlige!<\/p>\t\t\t\t\t\t\t\t<\/div>\n\t\t\t\t<\/div>\n\t\t<div class=\"elementor-element elementor-element-74edcfc e-con-full e-flex e-con e-child\" data-id=\"74edcfc\" data-element_type=\"container\" data-e-type=\"container\">\n\t\t\t\t<div class=\"elementor-element elementor-element-dc4f8ee elementor-widget elementor-widget-button\" data-id=\"dc4f8ee\" data-element_type=\"widget\" data-e-type=\"widget\" data-widget_type=\"button.default\">\n\t\t\t\t<div class=\"elementor-widget-container\">\n\t\t\t\t\t\t\t\t\t<div class=\"elementor-button-wrapper\">\n\t\t\t\t\t<a class=\"elementor-button elementor-button-link elementor-size-sm\" href=\"#kontaktskjema\">\n\t\t\t\t\t\t<span class=\"elementor-button-content-wrapper\">\n\t\t\t\t\t\t\t\t\t<span class=\"elementor-button-text\">Kontaktskjema<\/span>\n\t\t\t\t\t<\/span>\n\t\t\t\t\t<\/a>\n\t\t\t\t<\/div>\n\t\t\t\t\t\t\t\t<\/div>\n\t\t\t\t<\/div>\n\t\t\t\t<div class=\"elementor-element elementor-element-82157fb elementor-widget elementor-widget-button\" data-id=\"82157fb\" data-element_type=\"widget\" data-e-type=\"widget\" data-widget_type=\"button.default\">\n\t\t\t\t<div class=\"elementor-widget-container\">\n\t\t\t\t\t\t\t\t\t<div class=\"elementor-button-wrapper\">\n\t\t\t\t\t<a class=\"elementor-button elementor-button-link elementor-size-sm\" href=\"https:\/\/www.varangerbrygge.no\/prisliste\/\">\n\t\t\t\t\t\t<span class=\"elementor-button-content-wrapper\">\n\t\t\t\t\t\t\t\t\t<span class=\"elementor-button-text\">Prisliste<\/span>\n\t\t\t\t\t<\/span>\n\t\t\t\t\t<\/a>\n\t\t\t\t<\/div>\n\t\t\t\t\t\t\t\t<\/div>\n\t\t\t\t<\/div>\n\t\t\t\t<\/div>\n\t\t\t\t\t<\/div>\n\t\t\t\t<\/div>\n\t\t\t\t<\/div>\n\t\t\t\t\t<\/div>\n\t\t\t\t<\/div>\n\t\t\t\t<section class=\"elementor-section elementor-top-section elementor-element elementor-element-61e4130c elementor-section-full_width elementor-section-height-default elementor-section-height-default\" data-id=\"61e4130c\" data-element_type=\"section\" data-e-type=\"section\" id=\"kontakt\">\n\t\t\t\t\t\t<div class=\"elementor-container elementor-column-gap-default\">\n\t\t\t\t\t<div class=\"elementor-column elementor-col-100 elementor-top-column elementor-element elementor-element-53ec3613\" data-id=\"53ec3613\" data-element_type=\"column\" data-e-type=\"column\" id=\"kontaktskjema\" data-settings=\"{&quot;background_background&quot;:&quot;classic&quot;}\">\n\t\t\t<div class=\"elementor-widget-wrap elementor-element-populated\">\n\t\t\t\t\t\t<section class=\"elementor-section elementor-inner-section elementor-element elementor-element-1f3517c1 elementor-section-boxed elementor-section-height-default elementor-section-height-default\" data-id=\"1f3517c1\" data-element_type=\"section\" data-e-type=\"section\" data-settings=\"{&quot;background_background&quot;:&quot;classic&quot;}\">\n\t\t\t\t\t\t<div class=\"elementor-container elementor-column-gap-default\">\n\t\t\t\t\t<div class=\"elementor-column elementor-col-100 elementor-inner-column elementor-element elementor-element-2dcead0a\" data-id=\"2dcead0a\" data-element_type=\"column\" data-e-type=\"column\" data-settings=\"{&quot;background_background&quot;:&quot;classic&quot;}\">\n\t\t\t<div class=\"elementor-widget-wrap elementor-element-populated\">\n\t\t\t\t\t\t<div class=\"elementor-element elementor-element-2ce228a3 elementor-widget__width-initial elementor-hidden-tablet elementor-hidden-mobile elementor-widget elementor-widget-heading\" data-id=\"2ce228a3\" data-element_type=\"widget\" data-e-type=\"widget\" data-widget_type=\"heading.default\">\n\t\t\t\t<div class=\"elementor-widget-container\">\n\t\t\t\t\t<h2 class=\"elementor-heading-title elementor-size-default\">Kontaktskjema<\/h2>\t\t\t\t<\/div>\n\t\t\t\t<\/div>\n\t\t\t\t<div class=\"elementor-element elementor-element-4fff2435 elementor-hidden-desktop elementor-widget elementor-widget-heading\" data-id=\"4fff2435\" data-element_type=\"widget\" data-e-type=\"widget\" data-widget_type=\"heading.default\">\n\t\t\t\t<div class=\"elementor-widget-container\">\n\t\t\t\t\t<h2 class=\"elementor-heading-title elementor-size-default\">Kontaktskjema<\/h2>\t\t\t\t<\/div>\n\t\t\t\t<\/div>\n\t\t\t\t<div class=\"elementor-element elementor-element-7f4b9032 elementor-widget__width-initial elementor-widget elementor-widget-text-editor\" data-id=\"7f4b9032\" data-element_type=\"widget\" data-e-type=\"widget\" data-widget_type=\"text-editor.default\">\n\t\t\t\t<div class=\"elementor-widget-container\">\n\t\t\t\t\t\t\t\t\t<p>Kj\u00e6re gjest,<br \/><span style=\"font-style: inherit; font-weight: inherit; color: var( --e-global-color-text );\">Ikke n\u00f8l med \u00e5 kontakte oss via v\u00e5rt kontaktskjema. Oppgi \u00f8nsket dato for overnatting eller andre aktiviteter. Vi svarer deg s\u00e5 snart vi kan med et skreddersydd tilbud etter dine \u00f8nsker.<\/span><\/p>\t\t\t\t\t\t\t\t<\/div>\n\t\t\t\t<\/div>\n\t\t\t\t<div class=\"elementor-element elementor-element-2ba290ed elementor-button-align-center elementor-widget__width-initial elementor-widget elementor-widget-form\" data-id=\"2ba290ed\" data-element_type=\"widget\" data-e-type=\"widget\" data-settings=\"{&quot;step_next_label&quot;:&quot;Next&quot;,&quot;step_previous_label&quot;:&quot;Previous&quot;,&quot;button_width&quot;:&quot;100&quot;,&quot;step_type&quot;:&quot;number_text&quot;,&quot;step_icon_shape&quot;:&quot;circle&quot;}\" data-widget_type=\"form.default\">\n\t\t\t\t<div class=\"elementor-widget-container\">\n\t\t\t\t\t\t\t<form class=\"elementor-form\" method=\"post\" name=\"New Form\" aria-label=\"New Form\">\n\t\t\t<input type=\"hidden\" name=\"post_id\" value=\"9767\"\/>\n\t\t\t<input type=\"hidden\" name=\"form_id\" value=\"2ba290ed\"\/>\n\t\t\t<input type=\"hidden\" name=\"referer_title\" value=\"\" \/>\n\n\t\t\t\n\t\t\t<div class=\"elementor-form-fields-wrapper elementor-labels-above\">\n\t\t\t\t\t\t\t\t<div class=\"elementor-field-type-text elementor-field-group elementor-column elementor-field-group-name elementor-col-50 elementor-field-required elementor-mark-required\">\n\t\t\t\t\t\t\t\t\t\t\t\t<label for=\"form-field-name\" class=\"elementor-field-label\">\n\t\t\t\t\t\t\t\tNavn\t\t\t\t\t\t\t<\/label>\n\t\t\t\t\t\t\t\t\t\t\t\t\t\t<input size=\"1\" type=\"text\" name=\"form_fields[name]\" id=\"form-field-name\" class=\"elementor-field elementor-size-md  elementor-field-textual\" placeholder=\"Navn\" required=\"required\">\n\t\t\t\t\t\t\t\t\t\t\t<\/div>\n\t\t\t\t\t\t\t\t<div class=\"elementor-field-type-tel elementor-field-group elementor-column elementor-field-group-field_59cf44c elementor-col-50 elementor-field-required elementor-mark-required\">\n\t\t\t\t\t\t\t\t\t\t\t\t<label for=\"form-field-field_59cf44c\" class=\"elementor-field-label\">\n\t\t\t\t\t\t\t\tTelefon\t\t\t\t\t\t\t<\/label>\n\t\t\t\t\t\t\t\t<input size=\"1\" type=\"tel\" name=\"form_fields[field_59cf44c]\" id=\"form-field-field_59cf44c\" class=\"elementor-field elementor-size-md  elementor-field-textual\" placeholder=\"Telefon\" required=\"required\" pattern=\"[0-9()#&amp;+*-=.]+\" title=\"Only numbers and phone characters (#, -, *, etc) are accepted.\">\n\n\t\t\t\t\t\t<\/div>\n\t\t\t\t\t\t\t\t<div class=\"elementor-field-type-email elementor-field-group elementor-column elementor-field-group-email elementor-col-50 elementor-field-required elementor-mark-required\">\n\t\t\t\t\t\t\t\t\t\t\t\t<label for=\"form-field-email\" class=\"elementor-field-label\">\n\t\t\t\t\t\t\t\tE-post\t\t\t\t\t\t\t<\/label>\n\t\t\t\t\t\t\t\t\t\t\t\t\t\t<input size=\"1\" type=\"email\" name=\"form_fields[email]\" id=\"form-field-email\" class=\"elementor-field elementor-size-md  elementor-field-textual\" placeholder=\"E-post\" required=\"required\">\n\t\t\t\t\t\t\t\t\t\t\t<\/div>\n\t\t\t\t\t\t\t\t<div class=\"elementor-field-type-number elementor-field-group elementor-column elementor-field-group-field_248169c elementor-col-50 elementor-field-required elementor-mark-required\">\n\t\t\t\t\t\t\t\t\t\t\t\t<label for=\"form-field-field_248169c\" class=\"elementor-field-label\">\n\t\t\t\t\t\t\t\tAntall personer\t\t\t\t\t\t\t<\/label>\n\t\t\t\t\t\t\t\t\t<input type=\"number\" name=\"form_fields[field_248169c]\" id=\"form-field-field_248169c\" class=\"elementor-field elementor-size-md  elementor-field-textual\" placeholder=\"Antall personer\" required=\"required\" min=\"\" max=\"\" >\n\t\t\t\t\t\t<\/div>\n\t\t\t\t\t\t\t\t<div class=\"elementor-field-type-date elementor-field-group elementor-column elementor-field-group-field_3ade408 elementor-col-50\">\n\t\t\t\t\t\t\t\t\t\t\t\t<label for=\"form-field-field_3ade408\" class=\"elementor-field-label\">\n\t\t\t\t\t\t\t\tDato fra\t\t\t\t\t\t\t<\/label>\n\t\t\t\t\t\t\n\t\t<input type=\"date\" name=\"form_fields[field_3ade408]\" id=\"form-field-field_3ade408\" class=\"elementor-field elementor-size-md  elementor-field-textual elementor-date-field elementor-use-native\" pattern=\"[0-9]{4}-[0-9]{2}-[0-9]{2}\">\n\t\t\t\t\t\t<\/div>\n\t\t\t\t\t\t\t\t<div class=\"elementor-field-type-date elementor-field-group elementor-column elementor-field-group-field_f26f432 elementor-col-50\">\n\t\t\t\t\t\t\t\t\t\t\t\t<label for=\"form-field-field_f26f432\" class=\"elementor-field-label\">\n\t\t\t\t\t\t\t\tDato til\t\t\t\t\t\t\t<\/label>\n\t\t\t\t\t\t\n\t\t<input type=\"date\" name=\"form_fields[field_f26f432]\" id=\"form-field-field_f26f432\" class=\"elementor-field elementor-size-md  elementor-field-textual elementor-date-field elementor-use-native\" placeholder=\"Dato til\" pattern=\"[0-9]{4}-[0-9]{2}-[0-9]{2}\">\n\t\t\t\t\t\t<\/div>\n\t\t\t\t\t\t\t\t<div class=\"elementor-field-type-radio elementor-field-group elementor-column elementor-field-group-field_cbe0180 elementor-col-100\">\n\t\t\t\t\t<div class=\"elementor-field-subgroup  elementor-subgroup-inline\"><span class=\"elementor-field-option\"><input type=\"radio\" value=\"Jeg har fast dato\" id=\"form-field-field_cbe0180-0\" name=\"form_fields[field_cbe0180]\"> <label for=\"form-field-field_cbe0180-0\">Jeg har fast dato<\/label><\/span><span class=\"elementor-field-option\"><input type=\"radio\" value=\"Jeg er flexibel (oppgi \u00f8nsket m\u00e5ned i melding)\" id=\"form-field-field_cbe0180-1\" name=\"form_fields[field_cbe0180]\"> <label for=\"form-field-field_cbe0180-1\">Jeg er flexibel (oppgi \u00f8nsket m\u00e5ned i melding)<\/label><\/span><\/div>\t\t\t\t<\/div>\n\t\t\t\t\t\t\t\t<div class=\"elementor-field-type-checkbox elementor-field-group elementor-column elementor-field-group-field_e1bd39b elementor-col-100\">\n\t\t\t\t\t\t\t\t\t\t\t\t<label for=\"form-field-field_e1bd39b\" class=\"elementor-field-label\">\n\t\t\t\t\t\t\t\tJeg er interessert i (velg en eller flere)\t\t\t\t\t\t\t<\/label>\n\t\t\t\t\t\t<div class=\"elementor-field-subgroup  elementor-subgroup-inline\"><span class=\"elementor-field-option\"><input type=\"checkbox\" value=\"Overnatting\" id=\"form-field-field_e1bd39b-0\" name=\"form_fields[field_e1bd39b][]\"> <label for=\"form-field-field_e1bd39b-0\">Overnatting<\/label><\/span><span class=\"elementor-field-option\"><input type=\"checkbox\" value=\"Fiske\" id=\"form-field-field_e1bd39b-1\" name=\"form_fields[field_e1bd39b][]\"> <label for=\"form-field-field_e1bd39b-1\">Fiske<\/label><\/span><span class=\"elementor-field-option\"><input type=\"checkbox\" value=\"Matlagningskurs\" id=\"form-field-field_e1bd39b-2\" name=\"form_fields[field_e1bd39b][]\"> <label for=\"form-field-field_e1bd39b-2\">Matlagningskurs<\/label><\/span><span class=\"elementor-field-option\"><input type=\"checkbox\" value=\"Sauna\" id=\"form-field-field_e1bd39b-3\" name=\"form_fields[field_e1bd39b][]\"> <label for=\"form-field-field_e1bd39b-3\">Sauna<\/label><\/span><span class=\"elementor-field-option\"><input type=\"checkbox\" value=\"Kurs, konferanse- og m\u00f8terom\" id=\"form-field-field_e1bd39b-4\" name=\"form_fields[field_e1bd39b][]\"> <label for=\"form-field-field_e1bd39b-4\">Kurs, konferanse- og m\u00f8terom<\/label><\/span><\/div>\t\t\t\t<\/div>\n\t\t\t\t\t\t\t\t<div class=\"elementor-field-type-textarea elementor-field-group elementor-column elementor-field-group-message elementor-col-100 elementor-field-required elementor-mark-required\">\n\t\t\t\t\t\t\t\t\t\t\t\t<label for=\"form-field-message\" class=\"elementor-field-label\">\n\t\t\t\t\t\t\t\tMelding\t\t\t\t\t\t\t<\/label>\n\t\t\t\t\t\t<textarea class=\"elementor-field-textual elementor-field  elementor-size-md\" name=\"form_fields[message]\" id=\"form-field-message\" rows=\"4\" placeholder=\"Melding\" required=\"required\"><\/textarea>\t\t\t\t<\/div>\n\t\t\t\t\t\t\t\t<div class=\"elementor-field-type-text\">\n\t\t\t\t\t<input size=\"1\" type=\"text\" name=\"form_fields[field_4b4680d]\" id=\"form-field-field_4b4680d\" class=\"elementor-field elementor-size-md \" style=\"display:none !important;\">\t\t\t\t<\/div>\n\t\t\t\t\t\t\t\t<div class=\"elementor-field-type-text\">\n\t\t\t\t\t<input size=\"1\" type=\"text\" name=\"form_fields[field_dab47df]\" id=\"form-field-field_dab47df\" class=\"elementor-field elementor-size-md \" style=\"display:none !important;\">\t\t\t\t<\/div>\n\t\t\t\t\t\t\t\t<div class=\"elementor-field-type-text\">\n\t\t\t\t\t<input size=\"1\" type=\"text\" name=\"form_fields[field_f0d5968]\" id=\"form-field-field_f0d5968\" class=\"elementor-field elementor-size-md \" style=\"display:none !important;\">\t\t\t\t<\/div>\n\t\t\t\t\t\t\t\t<div class=\"elementor-field-type-recaptcha elementor-field-group elementor-column elementor-field-group-field_8abed3e elementor-col-100\">\n\t\t\t\t\t<div class=\"elementor-field\" id=\"form-field-field_8abed3e\"><div class=\"elementor-g-recaptcha\" data-sitekey=\"6LcJujkpAAAAAKbYOHXQS_4UTsdAtWbTb3jS_vuc\" data-type=\"v2_checkbox\" data-theme=\"light\" data-size=\"normal\"><\/div><\/div>\t\t\t\t<\/div>\n\t\t\t\t\t\t\t\t<div class=\"elementor-field-group elementor-column elementor-field-type-submit elementor-col-100 e-form__buttons\">\n\t\t\t\t\t<button class=\"elementor-button elementor-size-sm\" type=\"submit\">\n\t\t\t\t\t\t<span class=\"elementor-button-content-wrapper\">\n\t\t\t\t\t\t\t\t\t\t\t\t\t\t\t\t\t\t\t\t\t\t<span class=\"elementor-button-text\">Send<\/span>\n\t\t\t\t\t\t\t\t\t\t\t\t\t<\/span>\n\t\t\t\t\t<\/button>\n\t\t\t\t<\/div>\n\t\t\t<\/div>\n\t\t<\/form>\n\t\t\t\t\t\t<\/div>\n\t\t\t\t<\/div>\n\t\t\t\t\t<\/div>\n\t\t<\/div>\n\t\t\t\t\t<\/div>\n\t\t<\/section>\n\t\t\t\t\t<\/div>\n\t\t<\/div>\n\t\t\t\t\t<\/div>\n\t\t<\/section>\n\t\t\t\t<\/div>\n\t\t","protected":false},"excerpt":{"rendered":"<p>Kurs, konferanse- og m\u00f8terom \u00d8nsker du et kurs-, konferanse- eller m\u00f8terom i inspirerende omgivelser, med alle fasiliteter? Vi kan tilby m\u00f8terom med plass til 30 personer,\u00a0 med overnatting om \u00f8nsket. Kokkene v\u00e5re lager lunsj, middag og frokost, laget av de beste r\u00e5varene Varanger kan by p\u00e5. Saunafl\u00e5te, b\u00e5ttur, krabbesafari og guidet fisketur er ogs\u00e5 noe [&hellip;]<\/p>\n","protected":false},"author":3,"featured_media":0,"parent":0,"menu_order":0,"comment_status":"closed","ping_status":"closed","template":"","meta":{"site-sidebar-layout":"no-sidebar","site-content-layout":"page-builder","ast-site-content-layout":"full-width-container","site-content-style":"default","site-sidebar-style":"default","ast-global-header-display":"","ast-banner-title-visibility":"","ast-main-header-display":"","ast-hfb-above-header-display":"","ast-hfb-below-header-display":"","ast-hfb-mobile-header-display":"","site-post-title":"","ast-breadcrumbs-content":"","ast-featured-img":"disabled","footer-sml-layout":"","ast-disable-related-posts":"","theme-transparent-header-meta":"","adv-header-id-meta":"","stick-header-meta":"","header-above-stick-meta":"","header-main-stick-meta":"","header-below-stick-meta":"","astra-migrate-meta-layouts":"set","ast-page-background-enabled":"default","ast-page-background-meta":{"desktop":{"background-color":"","background-image":"","background-repeat":"repeat","background-position":"center center","background-size":"auto","background-attachment":"scroll","background-type":"","background-media":"","overlay-type":"","overlay-color":"","overlay-opacity":"","overlay-gradient":""},"tablet":{"background-color":"","background-image":"","background-repeat":"repeat","background-position":"center center","background-size":"auto","background-attachment":"scroll","background-type":"","background-media":"","overlay-type":"","overlay-color":"","overlay-opacity":"","overlay-gradient":""},"mobile":{"background-color":"","background-image":"","background-repeat":"repeat","background-position":"center center","background-size":"auto","background-attachment":"scroll","background-type":"","background-media":"","overlay-type":"","overlay-color":"","overlay-opacity":"","overlay-gradient":""}},"ast-content-background-meta":{"desktop":{"background-color":"var(--ast-global-color-5)","background-image":"","background-repeat":"repeat","background-position":"center center","background-size":"auto","background-attachment":"scroll","background-type":"","background-media":"","overlay-type":"","overlay-color":"","overlay-opacity":"","overlay-gradient":""},"tablet":{"background-color":"var(--ast-global-color-5)","background-image":"","background-repeat":"repeat","background-position":"center center","background-size":"auto","background-attachment":"scroll","background-type":"","background-media":"","overlay-type":"","overlay-color":"","overlay-opacity":"","overlay-gradient":""},"mobile":{"background-color":"var(--ast-global-color-5)","background-image":"","background-repeat":"repeat","background-position":"center center","background-size":"auto","background-attachment":"scroll","background-type":"","background-media":"","overlay-type":"","overlay-color":"","overlay-opacity":"","overlay-gradient":""}},"advanced_seo_description":"","jetpack_seo_html_title":"","jetpack_seo_noindex":false,"footnotes":""},"class_list":["post-9767","page","type-page","status-publish","hentry"],"jetpack_sharing_enabled":true,"_links":{"self":[{"href":"https:\/\/www.varangerbrygge.no\/fi\/wp-json\/wp\/v2\/pages\/9767","targetHints":{"allow":["GET"]}}],"collection":[{"href":"https:\/\/www.varangerbrygge.no\/fi\/wp-json\/wp\/v2\/pages"}],"about":[{"href":"https:\/\/www.varangerbrygge.no\/fi\/wp-json\/wp\/v2\/types\/page"}],"author":[{"embeddable":true,"href":"https:\/\/www.varangerbrygge.no\/fi\/wp-json\/wp\/v2\/users\/3"}],"replies":[{"embeddable":true,"href":"https:\/\/www.varangerbrygge.no\/fi\/wp-json\/wp\/v2\/comments?post=9767"}],"version-history":[{"count":10,"href":"https:\/\/www.varangerbrygge.no\/fi\/wp-json\/wp\/v2\/pages\/9767\/revisions"}],"predecessor-version":[{"id":9806,"href":"https:\/\/www.varangerbrygge.no\/fi\/wp-json\/wp\/v2\/pages\/9767\/revisions\/9806"}],"wp:attachment":[{"href":"https:\/\/www.varangerbrygge.no\/fi\/wp-json\/wp\/v2\/media?parent=9767"}],"curies":[{"name":"wp","href":"https:\/\/api.w.org\/{rel}","templated":true}]}}